{"id":14,"date":"2022-07-14T08:33:57","date_gmt":"2022-07-14T06:33:57","guid":{"rendered":"http:\/\/istitutocomprensivoartena.edu.it\/scuola\/index.php\/didattica\/offerta-formativa\/"},"modified":"2024-01-30T19:51:16","modified_gmt":"2024-01-30T18:51:16","slug":"offerta-formativa","status":"publish","type":"page","link":"https:\/\/istitutocomprensivoartena.edu.it\/scuola\/didattica\/offerta-formativa\/","title":{"rendered":"Offerta formativa"},"content":{"rendered":"<p>Il PTOF \u00e8 la carta di identit\u00e0 della scuola. In esso sono indicati chiaramente le finalit\u00e0, i percorsi formativi, le scelte didattiche, le risorse umane, le strutture, le dotazioni tecnologiche e l\u2019organizzazione scolastica.<\/p>\n<p>Nel Piano Triennale dell\u2019Offerta Formativa sono individuati i servizi e i processi educativi che la scuola attiva per innalzare il livello di scolarit\u00e0 e il tasso di successo scolastico; far conoscere gli obiettivi e documentare gli esiti del processo educativo; sviluppare l\u2019integrazione dell\u2019Istituto col tessuto culturale e produttivo del territorio; articolare la progettazione delle attivit\u00e0 valorizzando la specifica identit\u00e0 dell\u2019Istituto.<\/p>\n<p>Il PTOF \u00e8 un documento che si rinnova ogni anno affinch\u00e9 sia sempre attuale e rispondente ai bisogni formativi degli studenti, alle nuove metodologie didattiche in continua evoluzione.<\/p>\n<p><a href=\"http:\/\/istitutocomprensivoartena.edu.it\/scuola\/wp-content\/uploads\/2024\/01\/PTOF-IC-ARTENA-2022-2025.pdf\">PTOF IC ARTENA 2022-2025<\/a><\/p>\n","protected":false},"excerpt":{"rendered":"<p>Il PTOF \u00e8 la carta di identit\u00e0 della scuola. In esso sono indicati chiaramente le finalit\u00e0, i percorsi formativi, le scelte didattiche, le risorse umane, le strutture, le dotazioni tecnologiche e l\u2019organizzazione scolastica. Nel Piano Triennale [&hellip;]<\/p>\n","protected":false},"author":1,"featured_media":0,"parent":8,"menu_order":0,"comment_status":"closed","ping_status":"closed","template":"page-templates\/cicli-scolastici.php","meta":{"footnotes":""},"tags":[],"class_list":["post-14","page","type-page","status-publish","hentry"],"_links":{"self":[{"href":"https:\/\/istitutocomprensivoartena.edu.it\/scuola\/wp-json\/wp\/v2\/pages\/14","targetHints":{"allow":["GET"]}}],"collection":[{"href":"https:\/\/istitutocomprensivoartena.edu.it\/scuola\/wp-json\/wp\/v2\/pages"}],"about":[{"href":"https:\/\/istitutocomprensivoartena.edu.it\/scuola\/wp-json\/wp\/v2\/types\/page"}],"author":[{"embeddable":true,"href":"https:\/\/istitutocomprensivoartena.edu.it\/scuola\/wp-json\/wp\/v2\/users\/1"}],"replies":[{"embeddable":true,"href":"https:\/\/istitutocomprensivoartena.edu.it\/scuola\/wp-json\/wp\/v2\/comments?post=14"}],"version-history":[{"count":2,"href":"https:\/\/istitutocomprensivoartena.edu.it\/scuola\/wp-json\/wp\/v2\/pages\/14\/revisions"}],"predecessor-version":[{"id":1057,"href":"https:\/\/istitutocomprensivoartena.edu.it\/scuola\/wp-json\/wp\/v2\/pages\/14\/revisions\/1057"}],"up":[{"embeddable":true,"href":"https:\/\/istitutocomprensivoartena.edu.it\/scuola\/wp-json\/wp\/v2\/pages\/8"}],"wp:attachment":[{"href":"https:\/\/istitutocomprensivoartena.edu.it\/scuola\/wp-json\/wp\/v2\/media?parent=14"}],"wp:term":[{"taxonomy":"post_tag","embeddable":true,"href":"https:\/\/istitutocomprensivoartena.edu.it\/scuola\/wp-json\/wp\/v2\/tags?post=14"}],"curies":[{"name":"wp","href":"https:\/\/api.w.org\/{rel}","templated":true}]}}