{"id":3418,"date":"2025-10-14T22:52:45","date_gmt":"2025-10-14T20:52:45","guid":{"rendered":"https:\/\/istitutocomprensivoartena.edu.it\/scuola\/?page_id=3418"},"modified":"2025-10-14T23:28:26","modified_gmt":"2025-10-14T21:28:26","slug":"i-progetti-delle-classi","status":"publish","type":"page","link":"https:\/\/istitutocomprensivoartena.edu.it\/scuola\/i-progetti-delle-classi\/","title":{"rendered":"I progetti delle classi"},"content":{"rendered":"\n<div class=\"wp-block-columns is-layout-flex wp-container-core-columns-is-layout-9d6595d7 wp-block-columns-is-layout-flex\">\n<div class=\"wp-block-column is-layout-flow wp-block-column-is-layout-flow\">\n<!-- Blocco INFANZIA -->\n<div class=\"project-block\" style=\"flex: 1 1 300px; background-color: #fff0f5; padding: 20px; border-radius: 8px; text-align: center; transition: transform 0.3s ease;\"\n     onmouseover=\"this.style.transform='translateY(-5px)';\"\n     onmouseout=\"this.style.transform='translateY(0)';\">\n  <a href=\"\/scuola\/ordine-scuola\/infanzia\" style=\"text-decoration: none; color: inherit;\">\n    <h2 style=\"margin-bottom: 10px;\">INFANZIA<\/h2>\n    <p>Esplora le attivit\u00e0<\/p>\n  <\/a>\n<\/div>\n<\/div>\n\n\n\n<div class=\"wp-block-column is-layout-flow wp-block-column-is-layout-flow\">\n<!-- Blocco PRIMARIA -->\n<div class=\"project-block\" style=\"flex: 1 1 300px; background-color: #f0fff0; padding: 20px; border-radius: 8px; text-align: center; transition: transform 0.3s ease;\"\n     onmouseover=\"this.style.transform='translateY(-5px)';\"\n     onmouseout=\"this.style.transform='translateY(0)';\">\n  <a href=\"\/scuola\/ordine-scuola\/primaria\" style=\"text-decoration: none; color: inherit;\">\n    <h2 style=\"margin-bottom: 10px;\">PRIMARIA<\/h2>\n    <p>Esplora le attivit\u00e0<\/p>\n  <\/a>\n<\/div>\n<\/div>\n\n\n\n<div class=\"wp-block-column is-layout-flow wp-block-column-is-layout-flow\">\n<!-- Blocco SECONDARIA -->\n<div class=\"project-block\" style=\"flex: 1 1 300px; background-color: #fffacd; padding: 20px; border-radius: 8px; text-align: center; transition: transform 0.3s ease;\"\n     onmouseover=\"this.style.transform='translateY(-5px)';\"\n     onmouseout=\"this.style.transform='translateY(0)';\">\n  <a href=\"\/scuola\/ordine-scuola\/secondaria-1\" style=\"text-decoration: none; color: inherit;\">\n    <h2 style=\"margin-bottom: 10px;\">SECONDARIA<\/h2>\n    <p>Esplora le attivit\u00e0<\/p>\n  <\/a>\n<\/div>\n\n<\/div>\n<\/div>\n\n\n\n<p><\/p>\n","protected":false},"excerpt":{"rendered":"<p>INFANZIA Esplora le attivit\u00e0 PRIMARIA Esplora le attivit\u00e0 SECONDARIA Esplora le attivit\u00e0<\/p>\n","protected":false},"author":117,"featured_media":0,"parent":0,"menu_order":0,"comment_status":"closed","ping_status":"closed","template":"","meta":{"footnotes":""},"tags":[],"class_list":["post-3418","page","type-page","status-publish","hentry"],"_links":{"self":[{"href":"https:\/\/istitutocomprensivoartena.edu.it\/scuola\/wp-json\/wp\/v2\/pages\/3418","targetHints":{"allow":["GET"]}}],"collection":[{"href":"https:\/\/istitutocomprensivoartena.edu.it\/scuola\/wp-json\/wp\/v2\/pages"}],"about":[{"href":"https:\/\/istitutocomprensivoartena.edu.it\/scuola\/wp-json\/wp\/v2\/types\/page"}],"author":[{"embeddable":true,"href":"https:\/\/istitutocomprensivoartena.edu.it\/scuola\/wp-json\/wp\/v2\/users\/117"}],"replies":[{"embeddable":true,"href":"https:\/\/istitutocomprensivoartena.edu.it\/scuola\/wp-json\/wp\/v2\/comments?post=3418"}],"version-history":[{"count":10,"href":"https:\/\/istitutocomprensivoartena.edu.it\/scuola\/wp-json\/wp\/v2\/pages\/3418\/revisions"}],"predecessor-version":[{"id":3442,"href":"https:\/\/istitutocomprensivoartena.edu.it\/scuola\/wp-json\/wp\/v2\/pages\/3418\/revisions\/3442"}],"wp:attachment":[{"href":"https:\/\/istitutocomprensivoartena.edu.it\/scuola\/wp-json\/wp\/v2\/media?parent=3418"}],"wp:term":[{"taxonomy":"post_tag","embeddable":true,"href":"https:\/\/istitutocomprensivoartena.edu.it\/scuola\/wp-json\/wp\/v2\/tags?post=3418"}],"curies":[{"name":"wp","href":"https:\/\/api.w.org\/{rel}","templated":true}]}}